{"id":959,"date":"2020-06-29T14:43:39","date_gmt":"2020-06-29T19:43:39","guid":{"rendered":"https:\/\/coacep.com.co\/?post_type=product&#038;p=959"},"modified":"2020-06-29T14:43:39","modified_gmt":"2020-06-29T19:43:39","slug":"horno-electrico-bd-1500watts","status":"publish","type":"product","link":"https:\/\/coacep.com.co\/?product=horno-electrico-bd-1500watts","title":{"rendered":"Horno el\u00e9ctrico B&amp;D 1500watts"},"content":{"rendered":"<ul>\n<li>Interior extra ancho<\/li>\n<li>Acomoda una bandeja para hornear de 9\u02dd x 13\u02dd<\/li>\n<li>Cron\u00f3metro de 60 minutos<\/li>\n<li>Opci\u00f3n de Funcionamiento contin\u00fao<\/li>\n<li>Bandeja para hornear<\/li>\n<li>Bandeja para parrilla<\/li>\n<li>Garant\u00eda de 2 a\u00f1os<\/li>\n<\/ul>\n","protected":false},"excerpt":{"rendered":"<p>Interior extra ancho Acomoda una bandeja para hornear de 9\u02dd x 13\u02dd Cron\u00f3metro de 60 minutos Opci\u00f3n de Funcionamiento contin\u00fao Bandeja para hornear Bandeja para parrilla Garant\u00eda de 2 a\u00f1os<\/p>\n","protected":false},"featured_media":960,"template":"","meta":[],"product_cat":[21],"product_tag":[],"_links":{"self":[{"href":"https:\/\/coacep.com.co\/index.php?rest_route=\/wp\/v2\/product\/959"}],"collection":[{"href":"https:\/\/coacep.com.co\/index.php?rest_route=\/wp\/v2\/product"}],"about":[{"href":"https:\/\/coacep.com.co\/index.php?rest_route=\/wp\/v2\/types\/product"}],"version-history":[{"count":0,"href":"https:\/\/coacep.com.co\/index.php?rest_route=\/wp\/v2\/product\/959\/revisions"}],"wp:featuredmedia":[{"embeddable":true,"href":"https:\/\/coacep.com.co\/index.php?rest_route=\/wp\/v2\/media\/960"}],"wp:attachment":[{"href":"https:\/\/coacep.com.co\/index.php?rest_route=%2Fwp%2Fv2%2Fmedia&parent=959"}],"wp:term":[{"taxonomy":"product_cat","embeddable":true,"href":"https:\/\/coacep.com.co\/index.php?rest_route=%2Fwp%2Fv2%2Fproduct_cat&post=959"},{"taxonomy":"product_tag","embeddable":true,"href":"https:\/\/coacep.com.co\/index.php?rest_route=%2Fwp%2Fv2%2Fproduct_tag&post=959"}],"curies":[{"name":"wp","href":"https:\/\/api.w.org\/{rel}","templated":true}]}}