{"id":981,"date":"2020-06-29T14:43:39","date_gmt":"2020-06-29T19:43:39","guid":{"rendered":"https:\/\/coacep.com.co\/?post_type=product&#038;p=981"},"modified":"2020-06-29T14:43:39","modified_gmt":"2020-06-29T19:43:39","slug":"impresora-multifuncional-canon-g2110-hg","status":"publish","type":"product","link":"https:\/\/coacep.com.co\/?product=impresora-multifuncional-canon-g2110-hg","title":{"rendered":"Impresora multifuncional CANON G2110 HG"},"content":{"rendered":"<ul>\n<li>Funci\u00f3n: imprime, fotocopia y escanea<\/li>\n<li>Velocidad de Impresi\u00f3n: 8.8ipm-5.0ipm\/32Seg<\/li>\n<li>Resoluci\u00f3n impresi\u00f3n: 4800dpi<\/li>\n<li>Resoluci\u00f3n esc\u00e1ner: 600x1200dpi<\/li>\n<li>Conectividad: USB<\/li>\n<\/ul>\n","protected":false},"excerpt":{"rendered":"<p>Funci\u00f3n: imprime, fotocopia y escanea Velocidad de Impresi\u00f3n: 8.8ipm-5.0ipm\/32Seg Resoluci\u00f3n impresi\u00f3n: 4800dpi Resoluci\u00f3n esc\u00e1ner: 600x1200dpi Conectividad: USB<\/p>\n","protected":false},"featured_media":982,"template":"","meta":[],"product_cat":[21],"product_tag":[],"_links":{"self":[{"href":"https:\/\/coacep.com.co\/index.php?rest_route=\/wp\/v2\/product\/981"}],"collection":[{"href":"https:\/\/coacep.com.co\/index.php?rest_route=\/wp\/v2\/product"}],"about":[{"href":"https:\/\/coacep.com.co\/index.php?rest_route=\/wp\/v2\/types\/product"}],"version-history":[{"count":0,"href":"https:\/\/coacep.com.co\/index.php?rest_route=\/wp\/v2\/product\/981\/revisions"}],"wp:featuredmedia":[{"embeddable":true,"href":"https:\/\/coacep.com.co\/index.php?rest_route=\/wp\/v2\/media\/982"}],"wp:attachment":[{"href":"https:\/\/coacep.com.co\/index.php?rest_route=%2Fwp%2Fv2%2Fmedia&parent=981"}],"wp:term":[{"taxonomy":"product_cat","embeddable":true,"href":"https:\/\/coacep.com.co\/index.php?rest_route=%2Fwp%2Fv2%2Fproduct_cat&post=981"},{"taxonomy":"product_tag","embeddable":true,"href":"https:\/\/coacep.com.co\/index.php?rest_route=%2Fwp%2Fv2%2Fproduct_tag&post=981"}],"curies":[{"name":"wp","href":"https:\/\/api.w.org\/{rel}","templated":true}]}}