{"id":985,"date":"2020-06-29T14:43:39","date_gmt":"2020-06-29T19:43:39","guid":{"rendered":"https:\/\/coacep.com.co\/?post_type=product&#038;p=985"},"modified":"2020-06-29T14:43:39","modified_gmt":"2020-06-29T19:43:39","slug":"impresora-multifuncional-canon-g3101-h-of","status":"publish","type":"product","link":"https:\/\/coacep.com.co\/?product=impresora-multifuncional-canon-g3101-h-of","title":{"rendered":"Impresora multifuncional CANON G3101 h-of"},"content":{"rendered":"<ul>\n<li>Funci\u00f3n: Copiadora, Esc\u00e1ner<\/li>\n<li>Velocidad de Impresi\u00f3n: Blanco y negro 8.8 ppm \/ Color: 5.0 ppm<\/li>\n<li>Resoluci\u00f3n impresi\u00f3n: Blanco y negro: 600 x 600 dpi\/ Color: 4800 x 1200 dpi<\/li>\n<li>Resoluci\u00f3n esc\u00e1ner: 600 x 1200 dpi<\/li>\n<li>Conectividad: Puerto USB, WiFi<\/li>\n<\/ul>\n","protected":false},"excerpt":{"rendered":"<p>Funci\u00f3n: Copiadora, Esc\u00e1ner Velocidad de Impresi\u00f3n: Blanco y negro 8.8 ppm \/ Color: 5.0 ppm Resoluci\u00f3n impresi\u00f3n: Blanco y negro: 600 x 600 dpi\/ Color: 4800 x 1200 dpi Resoluci\u00f3n esc\u00e1ner: 600 x 1200 dpi Conectividad: Puerto USB, WiFi<\/p>\n","protected":false},"featured_media":986,"template":"","meta":[],"product_cat":[21],"product_tag":[],"_links":{"self":[{"href":"https:\/\/coacep.com.co\/index.php?rest_route=\/wp\/v2\/product\/985"}],"collection":[{"href":"https:\/\/coacep.com.co\/index.php?rest_route=\/wp\/v2\/product"}],"about":[{"href":"https:\/\/coacep.com.co\/index.php?rest_route=\/wp\/v2\/types\/product"}],"version-history":[{"count":0,"href":"https:\/\/coacep.com.co\/index.php?rest_route=\/wp\/v2\/product\/985\/revisions"}],"wp:featuredmedia":[{"embeddable":true,"href":"https:\/\/coacep.com.co\/index.php?rest_route=\/wp\/v2\/media\/986"}],"wp:attachment":[{"href":"https:\/\/coacep.com.co\/index.php?rest_route=%2Fwp%2Fv2%2Fmedia&parent=985"}],"wp:term":[{"taxonomy":"product_cat","embeddable":true,"href":"https:\/\/coacep.com.co\/index.php?rest_route=%2Fwp%2Fv2%2Fproduct_cat&post=985"},{"taxonomy":"product_tag","embeddable":true,"href":"https:\/\/coacep.com.co\/index.php?rest_route=%2Fwp%2Fv2%2Fproduct_tag&post=985"}],"curies":[{"name":"wp","href":"https:\/\/api.w.org\/{rel}","templated":true}]}}